{"id":553,"date":"2024-03-15T09:36:04","date_gmt":"2024-03-15T15:36:04","guid":{"rendered":"https:\/\/uniceq.edu.mx\/?page_id=553"},"modified":"2025-07-10T16:05:21","modified_gmt":"2025-07-10T22:05:21","slug":"licenciatura-en-derecho","status":"publish","type":"page","link":"https:\/\/uniceq.edu.mx\/en\/licenciaturas-uniceq\/licenciatura-en-derecho\/","title":{"rendered":"Bachelor\u2019s Degree in Law"},"content":{"rendered":"<p>[et_pb_section fb_built=&#8221;1&#8243; _builder_version=&#8221;4.24.0&#8243; _module_preset=&#8221;default&#8221; background_color=&#8221;#6e5123&#8243; background_image=&#8221;https:\/\/uniceq.edu.mx\/wp-content\/uploads\/2024\/03\/Venado-UNICEQ-Blanco-transparencia.png&#8221; global_colors_info=&#8221;{}&#8221;][et_pb_row column_structure=&#8221;2_3,1_3&#8243; _builder_version=&#8221;4.24.0&#8243; _module_preset=&#8221;default&#8221; global_colors_info=&#8221;{}&#8221;][et_pb_column type=&#8221;2_3&#8243; _builder_version=&#8221;4.24.0&#8243; _module_preset=&#8221;default&#8221; global_colors_info=&#8221;{}&#8221;][et_pb_text _builder_version=&#8221;4.24.0&#8243; _module_preset=&#8221;default&#8221; header_font=&#8221;heaters|100|on||||||&#8221; header_text_color=&#8221;#FFFFFF&#8221; header_font_size=&#8221;120px&#8221; header_2_font=&#8221;Oswald||on||||||&#8221; header_2_text_color=&#8221;#FFFFFF&#8221; header_2_font_size=&#8221;35px&#8221; header_text_shadow_style=&#8221;preset2&#8243; header_2_text_shadow_style=&#8221;preset2&#8243; global_colors_info=&#8221;{}&#8221;]<\/p>\n<h2>Bachelor\u2019s Degree in<\/h2>\n<h1>Law<\/h1>\n<p>[\/et_pb_text][\/et_pb_column][et_pb_column type=&#8221;1_3&#8243; _builder_version=&#8221;4.24.0&#8243; _module_preset=&#8221;default&#8221; background_enable_color=&#8221;off&#8221; border_radii=&#8221;on|26px|26px|26px|26px&#8221; global_colors_info=&#8221;{}&#8221;][et_pb_image src=&#8221;https:\/\/uniceq.edu.mx\/wp-content\/uploads\/2025\/07\/F_CIENCIASSOCIALES.png&#8221; align=&#8221;center&#8221; _builder_version=&#8221;4.24.0&#8243; _module_preset=&#8221;default&#8221; width=&#8221;50%&#8221; hover_enabled=&#8221;0&#8243; global_colors_info=&#8221;{}&#8221; title_text=&#8221;F_CIENCIASSOCIALES&#8221; sticky_enabled=&#8221;0&#8243;][\/et_pb_image][\/et_pb_column][\/et_pb_row][\/et_pb_section][et_pb_section fb_built=&#8221;1&#8243; _builder_version=&#8221;4.24.0&#8243; _module_preset=&#8221;default&#8221; global_colors_info=&#8221;{}&#8221;][et_pb_row column_structure=&#8221;3_5,2_5&#8243; use_custom_gutter=&#8221;on&#8221; gutter_width=&#8221;2&#8243; _builder_version=&#8221;4.24.0&#8243; _module_preset=&#8221;default&#8221; global_colors_info=&#8221;{}&#8221;][et_pb_column type=&#8221;3_5&#8243; _builder_version=&#8221;4.24.0&#8243; _module_preset=&#8221;default&#8221; global_colors_info=&#8221;{}&#8221;][et_pb_text _builder_version=&#8221;4.24.0&#8243; _module_preset=&#8221;default&#8221; header_2_font=&#8221;Oswald||||||||&#8221; header_2_text_color=&#8221;#8e101c&#8221; global_colors_info=&#8221;{}&#8221;]<\/p>\n<h2>What will I learn in this degree?<\/h2>\n<p>[\/et_pb_text][et_pb_text _builder_version=&#8221;4.24.0&#8243; _module_preset=&#8221;default&#8221; text_font=&#8221;Montserrat||||||||&#8221; text_font_size=&#8221;15px&#8221; global_colors_info=&#8221;{}&#8221;]<\/p>\n<p style=\"text-align: justify;\">The <strong>Bachelor of Law \u2013 UNICEQ<\/strong> possesses the skills and <strong>theoretical and practical knowledge with a solid foundation in<\/strong>: legal processes in human rights, mastery of procedures and alternative dispute resolution methods, legal advice and representation for individuals and institutions (public, private, or social); as well as the <strong>proficiency in the English language<\/strong> as an additional tool for <strong>greater competitiveness in the job market<\/strong> at both national and international levels.<\/p>\n<p>[\/et_pb_text][et_pb_text _builder_version=&#8221;4.24.0&#8243; _module_preset=&#8221;default&#8221; header_2_font=&#8221;Oswald||||||||&#8221; header_2_text_color=&#8221;#8e101c&#8221; custom_margin=&#8221;43px|||||&#8221; global_colors_info=&#8221;{}&#8221;]<\/p>\n<h2>Graduate Profile<\/h2>\n<p>[\/et_pb_text][et_pb_text _builder_version=&#8221;4.24.0&#8243; _module_preset=&#8221;default&#8221; text_font=&#8221;Montserrat||||||||&#8221; text_font_size=&#8221;15px&#8221; global_colors_info=&#8221;{}&#8221;]<\/p>\n<p style=\"text-align: justify;\">As a graduate of this Bachelor\u2019s Degree, and thanks to our curriculum, <strong>it will be easier for you to enter the job market<\/strong> in contexts such as:<\/p>\n<p style=\"text-align: justify;\">\n<ul>\n<li style=\"text-align: justify;\"><strong>Litigation<\/strong> in renowned national and international law firms.<\/li>\n<li style=\"text-align: justify;\"><strong>Legal Advisor<\/strong> (in areas of Constitutional, Civil, Commercial, Tax, Criminal, Labor, Agrarian, Notarial, Customs, Environmental Law, etc.).<\/li>\n<li style=\"text-align: justify;\"><strong>Legal Department Management<\/strong> of companies or banking institutions.<\/li>\n<li style=\"text-align: justify;\"><strong>Public Administration<\/strong>, at the federal, state, and municipal levels.<\/li>\n<li style=\"text-align: justify;\"><strong>Public Official<\/strong> in courts and tribunals.<\/li>\n<li style=\"text-align: justify;\"><strong>In the Public Sector:<\/strong> Executive, Legislative, and Judicial.<\/li>\n<\/ul>\n<p>[\/et_pb_text][et_pb_text _builder_version=&#8221;4.24.0&#8243; _module_preset=&#8221;default&#8221; header_2_font=&#8221;Oswald||||||||&#8221; header_2_text_color=&#8221;#8e101c&#8221; custom_margin=&#8221;43px|||||&#8221; global_colors_info=&#8221;{}&#8221;]<\/p>\n<h2>Official Validity Registration<\/h2>\n<p>[\/et_pb_text][et_pb_text _builder_version=&#8221;4.24.0&#8243; _module_preset=&#8221;default&#8221; text_font=&#8221;Montserrat||||||||&#8221; text_font_size=&#8221;15px&#8221; global_colors_info=&#8221;{}&#8221;]<\/p>\n<p>UNICEQ affiliated with the Ministry of Public Education<\/p>\n<p>R.V.O.E. Agreement No. 20122628 dated 11\/07\/2012 issued by the Federal Ministry of Public Education (S.E.P.)<\/p>\n<p>On-Campus Mode<\/p>\n<p>Curriculum and study programs updated on 03\/09\/2018, authorized by the Federal Ministry of Public Education (S.E.P.)<\/p>\n<p>&nbsp;<\/p>\n<p>UNICEQ affiliated with the Ministry of Public Education<\/p>\n<p>R.V.O.E. Agreement No. 20122629 dated 11\/07\/2012 issued by the Federal Ministry of Public Education (S.E.P.)<\/p>\n<p>Blended Mode<\/p>\n<p>Curriculum and study programs updated on 03\/09\/2018, authorized by the Federal Ministry of Public Education (S.E.P.)<\/p>\n<p>[\/et_pb_text][\/et_pb_column][et_pb_column type=&#8221;2_5&#8243; _builder_version=&#8221;4.24.0&#8243; _module_preset=&#8221;default&#8221; global_colors_info=&#8221;{}&#8221;][et_pb_image src=&#8221;https:\/\/uniceq.edu.mx\/wp-content\/uploads\/2025\/07\/09_Lic_Cuadrado.png&#8221; title_text=&#8221;09_Lic_Cuadrado&#8221; align=&#8221;center&#8221; _builder_version=&#8221;4.24.0&#8243; _module_preset=&#8221;default&#8221; hover_enabled=&#8221;0&#8243; global_colors_info=&#8221;{}&#8221; sticky_enabled=&#8221;0&#8243;][\/et_pb_image][\/et_pb_column][\/et_pb_row][\/et_pb_section][et_pb_section fb_built=&#8221;1&#8243; specialty=&#8221;on&#8221; _builder_version=&#8221;4.24.0&#8243; _module_preset=&#8221;default&#8221; background_color=&#8221;#9d1b2b&#8221; background_image=&#8221;https:\/\/uniceq.edu.mx\/wp-content\/uploads\/2024\/03\/Venado-UNICEQ-Blanco-transparencia.png&#8221; custom_padding=&#8221;6px||7px|||&#8221; top_divider_height=&#8221;69px&#8221; global_colors_info=&#8221;{}&#8221;][et_pb_column type=&#8221;1_2&#8243; _builder_version=&#8221;4.16&#8243; custom_padding=&#8221;|||&#8221; global_colors_info=&#8221;{}&#8221; custom_padding__hover=&#8221;|||&#8221;][et_pb_text _builder_version=&#8221;4.24.0&#8243; _module_preset=&#8221;default&#8221; header_2_font=&#8221;Oswald||||||||&#8221; header_2_text_color=&#8221;#ffffff&#8221; header_2_font_size=&#8221;50px&#8221; global_colors_info=&#8221;{}&#8221;]<\/p>\n<h2>Curriculum<\/h2>\n<p>[\/et_pb_text][\/et_pb_column][et_pb_column type=&#8221;1_2&#8243; specialty_columns=&#8221;2&#8243; _builder_version=&#8221;4.16&#8243; custom_padding=&#8221;|||&#8221; global_colors_info=&#8221;{}&#8221; custom_padding__hover=&#8221;|||&#8221;][et_pb_row_inner _builder_version=&#8221;4.24.0&#8243; _module_preset=&#8221;default&#8221; global_colors_info=&#8221;{}&#8221;][et_pb_column_inner saved_specialty_column_type=&#8221;1_2&#8243; _builder_version=&#8221;4.24.0&#8243; _module_preset=&#8221;default&#8221; global_colors_info=&#8221;{}&#8221;][et_pb_button button_url=&#8221;https:\/\/api.whatsapp.com\/send?phone=524427062424&#8243; url_new_window=&#8221;on&#8221; button_text=&#8221;\u00a1Solicita el plan de estudios hoy mismo!&#8221; _builder_version=&#8221;4.24.0&#8243; _module_preset=&#8221;default&#8221; custom_button=&#8221;on&#8221; button_text_color=&#8221;#FFFFFF&#8221; button_icon=&#8221;&#xf232;||fa||400&#8243; button_icon_placement=&#8221;left&#8221; button_on_hover=&#8221;off&#8221; custom_margin=&#8221;0px||||false|false&#8221; global_colors_info=&#8221;{}&#8221;][\/et_pb_button][\/et_pb_column_inner][\/et_pb_row_inner][\/et_pb_column][\/et_pb_section][et_pb_section fb_built=&#8221;1&#8243; _builder_version=&#8221;4.24.0&#8243; _module_preset=&#8221;default&#8221; background_color=&#8221;#717175&#8243; background_image=&#8221;https:\/\/uniceq.edu.mx\/wp-content\/uploads\/2024\/03\/Venado-UNICEQ-Blanco-transparencia.png&#8221; global_colors_info=&#8221;{}&#8221;][et_pb_row column_structure=&#8221;1_2,1_2&#8243; _builder_version=&#8221;4.24.0&#8243; _module_preset=&#8221;default&#8221; global_colors_info=&#8221;{}&#8221;][et_pb_column type=&#8221;1_2&#8243; _builder_version=&#8221;4.24.0&#8243; _module_preset=&#8221;default&#8221; background_color=&#8221;#FFFFFF&#8221; border_radii=&#8221;on|30px|30px|30px|30px&#8221; global_colors_info=&#8221;{}&#8221;][et_pb_text _builder_version=&#8221;4.24.0&#8243; _module_preset=&#8221;default&#8221; header_2_font=&#8221;heaters|100|||||||&#8221; header_2_text_align=&#8221;center&#8221; header_2_font_size=&#8221;85px&#8221; custom_margin=&#8221;||-6px|||&#8221; custom_padding=&#8221;23px|||||&#8221; global_colors_info=&#8221;{}&#8221;]<\/p>\n<h2>Request Information<\/h2>\n<p>[\/et_pb_text][et_pb_text _builder_version=&#8221;4.24.0&#8243; _module_preset=&#8221;default&#8221; global_colors_info=&#8221;{}&#8221;]<\/p>\n<div id=\"formulario\" class=\"wow animate__animated animate__fadeIn\" style=\"text-align: center;\"><iframe loading=\"lazy\" src=\"https:\/\/uniceq.academic.lat\/FormExternos\/RecolectorCaptacion.aspx\" width=\"380\" height=\"750\" frameborder=\"0\" allowfullscreen=\"allowfullscreen\" data-rocket-lazyload=\"fitvidscompatible\" data-lazy-src=\"https:\/\/uniceq.academic.lat\/FormExternos\/RecolectorCaptacion.aspx\" class=\"lazyloaded\" data-was-processed=\"true\" scrolling=\"no\"><\/iframe><\/div>\n<p>[\/et_pb_text][\/et_pb_column][et_pb_column type=&#8221;1_2&#8243; _builder_version=&#8221;4.24.0&#8243; _module_preset=&#8221;default&#8221; global_colors_info=&#8221;{}&#8221;][et_pb_text _builder_version=&#8221;4.24.0&#8243; _module_preset=&#8221;default&#8221; text_font=&#8221;Oswald||on||||||&#8221; text_text_color=&#8221;#FFFFFF&#8221; text_font_size=&#8221;35px&#8221; locked=&#8221;off&#8221; global_colors_info=&#8221;{}&#8221;]<\/p>\n<p>What Our Graduates Say<\/p>\n<p>[\/et_pb_text][et_pb_blurb title=&#8221;Paulina Malag\u00f3n L\u00f3pez &#8211; Egresada&#8221; image=&#8221;https:\/\/uniceq.edu.mx\/wp-content\/uploads\/2024\/03\/Licenciatura-en-Derecho.jpg&#8221; icon_placement=&#8221;left&#8221; _builder_version=&#8221;4.24.0&#8243; _module_preset=&#8221;default&#8221; header_text_color=&#8221;#9d1b2b&#8221; background_color=&#8221;#FFFFFF&#8221; custom_padding=&#8221;20px|20px|20px|20px|true|true&#8221; border_radii=&#8221;on|25px|25px|25px|25px&#8221; border_radii_image=&#8221;on|424px|424px|424px|424px&#8221; global_colors_info=&#8221;{}&#8221;]<\/p>\n<p><em>\u201cI am a tenth-semester student of the <strong>Bachelor\u2019s Degree in Law<\/strong> UNICEQ.<\/em><\/p>\n<p><em>How could I define my university life in a simple way? Should we start with the sacrifices? For years, I started my day at 4:30 a.m. and ended it at midnight. And yes, I steadfastly believe that this consistency is what keeps us one step ahead of others, because <strong>while many are sleeping, we are charting the path to success.<\/strong><\/em><\/p>\n<p><em>I am currently developing my career in the field of <strong>the First Court of First Instance, Specialized in Commercial Oral Proceedings of the Judicial District of Quer\u00e9taro, under the direction of Judge Guillermo Rodr\u00edguez del Castillo<\/strong>; where, thanks to discipline and consistency, I had the opportunity to carry out activities such as <strong>court clerk and drafter<\/strong>, which are undoubtedly a very strong practical tool in this career.<\/em><\/p>\n<p><em>I am grateful to the professors who shared their knowledge with me for their professionalism as educators of Law.<\/em><\/p>\n<p><em>At the beginning of this journey, I had doubts and fears, but the University gave me the confidence I needed. I believe that investing in knowledge always yields the greatest benefit, and <strong>education is a lifelong process<\/strong>\u201d.<\/em><\/p>\n<p>[\/et_pb_blurb][et_pb_image src=&#8221;https:\/\/uniceq.edu.mx\/wp-content\/uploads\/2024\/03\/Nuevo-Venado-UNICEQ-2023-Negro.png&#8221; title_text=&#8221;Nuevo Venado UNICEQ 2023 (Negro)&#8221; _builder_version=&#8221;4.24.0&#8243; _module_preset=&#8221;default&#8221; locked=&#8221;off&#8221; global_colors_info=&#8221;{}&#8221;][\/et_pb_image][\/et_pb_column][\/et_pb_row][\/et_pb_section]<\/p>","protected":false},"excerpt":{"rendered":"<p>LICENCIATURA EN DERECHO\u00bfQu\u00e9 voy a aprender en esta Licenciatura?El Licenciado en Derecho UNICEQ cuenta con las habilidades y conocimientos te\u00f3rico-pr\u00e1cticos con bases s\u00f3lidas en: procesos jur\u00eddicos de derechos humanos, dominio de los procesos y medios alternos de soluci\u00f3n de conflictos, asesor\u00eda y representaci\u00f3n jur\u00eddica a particulares e instituciones (de car\u00e1cter p\u00fablico, privado o social); as\u00ed [&hellip;]<\/p>","protected":false},"author":1,"featured_media":0,"parent":453,"menu_order":0,"comment_status":"closed","ping_status":"closed","template":"","meta":{"_et_pb_use_builder":"on","_et_pb_old_content":"","_et_gb_content_width":"","_joinchat":[],"footnotes":""},"class_list":["post-553","page","type-page","status-publish","hentry"],"_links":{"self":[{"href":"https:\/\/uniceq.edu.mx\/en\/wp-json\/wp\/v2\/pages\/553","targetHints":{"allow":["GET"]}}],"collection":[{"href":"https:\/\/uniceq.edu.mx\/en\/wp-json\/wp\/v2\/pages"}],"about":[{"href":"https:\/\/uniceq.edu.mx\/en\/wp-json\/wp\/v2\/types\/page"}],"author":[{"embeddable":true,"href":"https:\/\/uniceq.edu.mx\/en\/wp-json\/wp\/v2\/users\/1"}],"replies":[{"embeddable":true,"href":"https:\/\/uniceq.edu.mx\/en\/wp-json\/wp\/v2\/comments?post=553"}],"version-history":[{"count":15,"href":"https:\/\/uniceq.edu.mx\/en\/wp-json\/wp\/v2\/pages\/553\/revisions"}],"predecessor-version":[{"id":1459,"href":"https:\/\/uniceq.edu.mx\/en\/wp-json\/wp\/v2\/pages\/553\/revisions\/1459"}],"up":[{"embeddable":true,"href":"https:\/\/uniceq.edu.mx\/en\/wp-json\/wp\/v2\/pages\/453"}],"wp:attachment":[{"href":"https:\/\/uniceq.edu.mx\/en\/wp-json\/wp\/v2\/media?parent=553"}],"curies":[{"name":"wp","href":"https:\/\/api.w.org\/{rel}","templated":true}]}}