{"id":563,"date":"2024-03-15T09:40:45","date_gmt":"2024-03-15T15:40:45","guid":{"rendered":"https:\/\/uniceq.edu.mx\/?page_id=563"},"modified":"2025-07-21T15:54:55","modified_gmt":"2025-07-21T21:54:55","slug":"licenciatura-en-contaduria-y-finanzas","status":"publish","type":"page","link":"https:\/\/uniceq.edu.mx\/en\/licenciaturas-uniceq\/licenciatura-en-contaduria-y-finanzas\/","title":{"rendered":"Bachelor\u2019s Degree in Accounting and Finance"},"content":{"rendered":"<p>[et_pb_section fb_built=&#8221;1&#8243; _builder_version=&#8221;4.24.0&#8243; _module_preset=&#8221;default&#8221; background_color=&#8221;#c4082e&#8221; background_image=&#8221;https:\/\/uniceq.edu.mx\/wp-content\/uploads\/2024\/03\/Venado-UNICEQ-Blanco-transparencia.png&#8221; global_colors_info=&#8221;{}&#8221;][et_pb_row column_structure=&#8221;2_3,1_3&#8243; _builder_version=&#8221;4.24.0&#8243; _module_preset=&#8221;default&#8221; global_colors_info=&#8221;{}&#8221;][et_pb_column type=&#8221;2_3&#8243; _builder_version=&#8221;4.24.0&#8243; _module_preset=&#8221;default&#8221; global_colors_info=&#8221;{}&#8221;][et_pb_text _builder_version=&#8221;4.24.0&#8243; _module_preset=&#8221;default&#8221; header_font=&#8221;heaters|100|on||||||&#8221; header_text_color=&#8221;#FFFFFF&#8221; header_font_size=&#8221;118px&#8221; header_2_font=&#8221;Oswald||on||||||&#8221; header_2_text_color=&#8221;#FFFFFF&#8221; header_2_font_size=&#8221;35px&#8221; header_text_shadow_style=&#8221;preset2&#8243; header_2_text_shadow_style=&#8221;preset2&#8243; global_colors_info=&#8221;{}&#8221;]<\/p>\n<h2>Bachelor\u2019s Degree in<\/h2>\n<h1>Accounting and Finance<\/h1>\n<p>[\/et_pb_text][\/et_pb_column][et_pb_column type=&#8221;1_3&#8243; _builder_version=&#8221;4.24.0&#8243; _module_preset=&#8221;default&#8221; background_enable_color=&#8221;off&#8221; border_radii=&#8221;on|26px|26px|26px|26px&#8221; global_colors_info=&#8221;{}&#8221;][et_pb_image src=&#8221;https:\/\/uniceq.edu.mx\/wp-content\/uploads\/2025\/07\/F_ADMINISTRACIONYNEGOCIOS.png&#8221; title_text=&#8221;F_ADMINISTRACIONYNEGOCIOS&#8221; align=&#8221;center&#8221; _builder_version=&#8221;4.24.0&#8243; _module_preset=&#8221;default&#8221; width=&#8221;50%&#8221; global_colors_info=&#8221;{}&#8221;][\/et_pb_image][\/et_pb_column][\/et_pb_row][\/et_pb_section][et_pb_section fb_built=&#8221;1&#8243; _builder_version=&#8221;4.24.0&#8243; _module_preset=&#8221;default&#8221; global_colors_info=&#8221;{}&#8221;][et_pb_row column_structure=&#8221;3_5,2_5&#8243; use_custom_gutter=&#8221;on&#8221; gutter_width=&#8221;2&#8243; _builder_version=&#8221;4.24.0&#8243; _module_preset=&#8221;default&#8221; global_colors_info=&#8221;{}&#8221;][et_pb_column type=&#8221;3_5&#8243; _builder_version=&#8221;4.24.0&#8243; _module_preset=&#8221;default&#8221; global_colors_info=&#8221;{}&#8221;][et_pb_text _builder_version=&#8221;4.24.0&#8243; _module_preset=&#8221;default&#8221; header_2_font=&#8221;Oswald||||||||&#8221; header_2_text_color=&#8221;#8e101c&#8221; global_colors_info=&#8221;{}&#8221;]<\/p>\n<h2>What will I learn in this degree?<\/h2>\n<p>[\/et_pb_text][et_pb_text _builder_version=&#8221;4.24.0&#8243; _module_preset=&#8221;default&#8221; text_font=&#8221;Montserrat||||||||&#8221; text_font_size=&#8221;15px&#8221; global_colors_info=&#8221;{}&#8221;]<\/p>\n<p style=\"text-align: justify;\">The Bachelor\u2019s Degree in<strong> Accounting and Finance from UNICEQ<\/strong> has the <strong>ability to analyze,<\/strong><strong> leadership, and technological and numerical skills,<\/strong> to design strategies that improve financial health and ensure the long-term sustainability of organizations. In addition, <strong>to identify errors and deviations in administrative procedures<\/strong> through teamwork and professional ethics in all situations.<\/p>\n<p>[\/et_pb_text][et_pb_text _builder_version=&#8221;4.24.0&#8243; _module_preset=&#8221;default&#8221; header_2_font=&#8221;Oswald||||||||&#8221; header_2_text_color=&#8221;#8e101c&#8221; custom_margin=&#8221;43px|||||&#8221; global_colors_info=&#8221;{}&#8221;]<\/p>\n<h2>Graduate Profile<\/h2>\n<p>[\/et_pb_text][et_pb_text _builder_version=&#8221;4.24.0&#8243; _module_preset=&#8221;default&#8221; text_font=&#8221;Montserrat||||||||&#8221; text_font_size=&#8221;15px&#8221; global_colors_info=&#8221;{}&#8221;]<\/p>\n<p style=\"text-align: justify;\">As a graduate of this degree, <strong>you will master accounting systems, as well as fiscal and financial strategies,<\/strong>costing systems, auditing, investment projects, and more.<\/p>\n<p style=\"text-align: justify;\"><strong>The knowledge you acquire will enable you to work in various areas of both the public and private sectors.<\/strong> <strong>or independently<\/strong> such as general accounting, cost accounting, auditing, teaching, finance, taxation, and research.<\/p>\n<p>[\/et_pb_text][et_pb_text _builder_version=&#8221;4.24.0&#8243; _module_preset=&#8221;default&#8221; header_2_font=&#8221;Oswald||||||||&#8221; header_2_text_color=&#8221;#8e101c&#8221; custom_margin=&#8221;43px|||||&#8221; global_colors_info=&#8221;{}&#8221;]<\/p>\n<h2>Official Validity Registration<\/h2>\n<p>[\/et_pb_text][et_pb_text _builder_version=&#8221;4.24.0&#8243; _module_preset=&#8221;default&#8221; text_font=&#8221;Montserrat||||||||&#8221; text_font_size=&#8221;15px&#8221; hover_enabled=&#8221;0&#8243; global_colors_info=&#8221;{}&#8221; sticky_enabled=&#8221;0&#8243;]UNICEQ incorporada a la Secretar\u00eda de Educaci\u00f3n P\u00fablica<\/p>\n<p>R.V.O.E. Agreement No. 20211330 dated 08\/12\/2021 issued by the Federal Ministry of Public Education (S.E.P.)<\/p>\n<p>On-Campus Mode<\/p>\n<p style=\"display: none\">\nUNICEQ affiliated with the Ministry of Public Education<br \/>\nR.V.O.E. Agreement No. 20171521 dated 11\/06\/2017 issued by the Federal Ministry of Public Education (S.E.P.)<br \/>\nOn-Campus Mode\n<\/p>\n<p>[\/et_pb_text][\/et_pb_column][et_pb_column type=&#8221;2_5&#8243; _builder_version=&#8221;4.24.0&#8243; _module_preset=&#8221;default&#8221; global_colors_info=&#8221;{}&#8221;][et_pb_image src=&#8221;https:\/\/uniceq.edu.mx\/wp-content\/uploads\/2025\/07\/04_Lic_Cuadrado.png&#8221; title_text=&#8221;04_Lic_Cuadrado&#8221; align=&#8221;center&#8221; _builder_version=&#8221;4.24.0&#8243; _module_preset=&#8221;default&#8221; global_colors_info=&#8221;{}&#8221;][\/et_pb_image][\/et_pb_column][\/et_pb_row][\/et_pb_section][et_pb_section fb_built=&#8221;1&#8243; specialty=&#8221;on&#8221; _builder_version=&#8221;4.24.0&#8243; _module_preset=&#8221;default&#8221; background_color=&#8221;#9d1b2b&#8221; background_image=&#8221;https:\/\/uniceq.edu.mx\/wp-content\/uploads\/2024\/03\/Venado-UNICEQ-Blanco-transparencia.png&#8221; custom_padding=&#8221;6px||7px|||&#8221; top_divider_height=&#8221;69px&#8221; global_colors_info=&#8221;{}&#8221;][et_pb_column type=&#8221;1_2&#8243; _builder_version=&#8221;4.16&#8243; custom_padding=&#8221;|||&#8221; global_colors_info=&#8221;{}&#8221; custom_padding__hover=&#8221;|||&#8221;][et_pb_text _builder_version=&#8221;4.24.0&#8243; _module_preset=&#8221;default&#8221; header_2_font=&#8221;Oswald||||||||&#8221; header_2_text_color=&#8221;#ffffff&#8221; header_2_font_size=&#8221;50px&#8221; global_colors_info=&#8221;{}&#8221;]<\/p>\n<h2>Curriculum<\/h2>\n<p>[\/et_pb_text][\/et_pb_column][et_pb_column type=&#8221;1_2&#8243; specialty_columns=&#8221;2&#8243; _builder_version=&#8221;4.16&#8243; custom_padding=&#8221;|||&#8221; global_colors_info=&#8221;{}&#8221; custom_padding__hover=&#8221;|||&#8221;][et_pb_row_inner _builder_version=&#8221;4.24.0&#8243; _module_preset=&#8221;default&#8221; global_colors_info=&#8221;{}&#8221;][et_pb_column_inner saved_specialty_column_type=&#8221;1_2&#8243; _builder_version=&#8221;4.24.0&#8243; _module_preset=&#8221;default&#8221; global_colors_info=&#8221;{}&#8221;][et_pb_button button_url=&#8221;https:\/\/api.whatsapp.com\/send?phone=524427062424&#8243; url_new_window=&#8221;on&#8221; button_text=&#8221;\u00a1Solicita el plan de estudios hoy mismo!&#8221; _builder_version=&#8221;4.24.0&#8243; _module_preset=&#8221;default&#8221; custom_button=&#8221;on&#8221; button_text_color=&#8221;#FFFFFF&#8221; button_icon=&#8221;&#xf232;||fa||400&#8243; button_icon_placement=&#8221;left&#8221; button_on_hover=&#8221;off&#8221; custom_margin=&#8221;0px||||false|false&#8221; global_colors_info=&#8221;{}&#8221;][\/et_pb_button][\/et_pb_column_inner][\/et_pb_row_inner][\/et_pb_column][\/et_pb_section][et_pb_section fb_built=&#8221;1&#8243; _builder_version=&#8221;4.24.0&#8243; _module_preset=&#8221;default&#8221; background_color=&#8221;#717175&#8243; background_image=&#8221;https:\/\/uniceq.edu.mx\/wp-content\/uploads\/2024\/03\/Venado-UNICEQ-Blanco-transparencia.png&#8221; global_colors_info=&#8221;{}&#8221;][et_pb_row column_structure=&#8221;1_2,1_2&#8243; _builder_version=&#8221;4.24.0&#8243; _module_preset=&#8221;default&#8221; global_colors_info=&#8221;{}&#8221;][et_pb_column type=&#8221;1_2&#8243; _builder_version=&#8221;4.24.0&#8243; _module_preset=&#8221;default&#8221; background_color=&#8221;#FFFFFF&#8221; border_radii=&#8221;on|30px|30px|30px|30px&#8221; global_colors_info=&#8221;{}&#8221;][et_pb_text _builder_version=&#8221;4.24.0&#8243; _module_preset=&#8221;default&#8221; header_2_font=&#8221;heaters|100|||||||&#8221; header_2_text_align=&#8221;center&#8221; header_2_font_size=&#8221;85px&#8221; custom_margin=&#8221;||-6px|||&#8221; custom_padding=&#8221;23px|||||&#8221; global_colors_info=&#8221;{}&#8221;]<\/p>\n<h2>Request Information<\/h2>\n<p>[\/et_pb_text][et_pb_text _builder_version=&#8221;4.24.0&#8243; _module_preset=&#8221;default&#8221; global_colors_info=&#8221;{}&#8221;]<\/p>\n<div id=\"formulario\" class=\"wow animate__animated animate__fadeIn\" style=\"text-align: center;\"><iframe loading=\"lazy\" src=\"https:\/\/uniceq.academic.lat\/FormExternos\/RecolectorCaptacion.aspx\" width=\"380\" height=\"750\" frameborder=\"0\" allowfullscreen=\"allowfullscreen\" data-rocket-lazyload=\"fitvidscompatible\" data-lazy-src=\"https:\/\/uniceq.academic.lat\/FormExternos\/RecolectorCaptacion.aspx\" class=\"lazyloaded\" data-was-processed=\"true\" scrolling=\"no\"><\/iframe><\/div>\n<p>[\/et_pb_text][\/et_pb_column][et_pb_column type=&#8221;1_2&#8243; _builder_version=&#8221;4.24.0&#8243; _module_preset=&#8221;default&#8221; global_colors_info=&#8221;{}&#8221;][et_pb_text _builder_version=&#8221;4.24.0&#8243; _module_preset=&#8221;default&#8221; text_font=&#8221;Oswald||on||||||&#8221; text_text_color=&#8221;#FFFFFF&#8221; text_font_size=&#8221;35px&#8221; locked=&#8221;off&#8221; global_colors_info=&#8221;{}&#8221;]<\/p>\n<p>What Our Graduates Say<\/p>\n<p>[\/et_pb_text][et_pb_blurb title=&#8221;Mar\u00eda del Carmen Torres Aguill\u00f3n &#8211; Egresada&#8221; image=&#8221;https:\/\/uniceq.edu.mx\/wp-content\/uploads\/2024\/03\/Licenciatura-en-Contaduria-y-Finanzas.jpg&#8221; icon_placement=&#8221;left&#8221; _builder_version=&#8221;4.24.0&#8243; _module_preset=&#8221;default&#8221; header_text_color=&#8221;#9d1b2b&#8221; background_color=&#8221;#FFFFFF&#8221; custom_padding=&#8221;20px|20px|20px|20px|true|true&#8221; border_radii=&#8221;on|25px|25px|25px|25px&#8221; border_radii_image=&#8221;on|164px|164px|164px|164px&#8221; global_colors_info=&#8221;{}&#8221;]<\/p>\n<p><em>\u201cMy experience can be summed up in two words: <strong>Growth and Achievement<\/strong>. UNICEQ was my second home for three and a half years, and I am confident it will continue to be.<\/em><\/p>\n<p><em>The support provided collectively by all staff members (professors, administrative personnel, directors, and academic leaders), who <strong>not only prepare you for professional life but also provide unconditional support<\/strong> that helps you grow as a person.<\/em><\/p>\n<p><em>Now, as a graduate of the <strong>Bachelor\u2019s Degree in Accounting and Finance<\/strong> it has opened many doors for me and allowed me to achieve significant accomplishments. <\/em><\/p>\n<p><em>Without a doubt, <strong>being part of the Venados Family<\/strong> has been and will continue to be one of the most enriching experiences I have ever had.\u201d<\/em><\/p>\n<p>[\/et_pb_blurb][et_pb_image src=&#8221;https:\/\/uniceq.edu.mx\/wp-content\/uploads\/2024\/03\/Nuevo-Venado-UNICEQ-2023-Negro.png&#8221; title_text=&#8221;Nuevo Venado UNICEQ 2023 (Negro)&#8221; _builder_version=&#8221;4.24.0&#8243; _module_preset=&#8221;default&#8221; locked=&#8221;off&#8221; global_colors_info=&#8221;{}&#8221;][\/et_pb_image][\/et_pb_column][\/et_pb_row][\/et_pb_section]<\/p>","protected":false},"excerpt":{"rendered":"<p>LICENCIATURA EN CONTADUR\u00cdA Y FINANZAS\u00bfQu\u00e9 voy a aprender en esta Licenciatura?El Licenciado en Contadur\u00eda y Finanzas UNICEQ cuenta con la capacidad de an\u00e1lisis, liderazgo y habilidad tecnol\u00f3gica y num\u00e9rica para dise\u00f1ar estrategias que mejoren la salud financiera y aseguren la permanencia de las organizaciones con el tiempo. Adem\u00e1s de detectar errores y desviaciones en los [&hellip;]<\/p>","protected":false},"author":1,"featured_media":0,"parent":453,"menu_order":0,"comment_status":"closed","ping_status":"closed","template":"","meta":{"_et_pb_use_builder":"on","_et_pb_old_content":"","_et_gb_content_width":"","_joinchat":[],"footnotes":""},"class_list":["post-563","page","type-page","status-publish","hentry"],"_links":{"self":[{"href":"https:\/\/uniceq.edu.mx\/en\/wp-json\/wp\/v2\/pages\/563","targetHints":{"allow":["GET"]}}],"collection":[{"href":"https:\/\/uniceq.edu.mx\/en\/wp-json\/wp\/v2\/pages"}],"about":[{"href":"https:\/\/uniceq.edu.mx\/en\/wp-json\/wp\/v2\/types\/page"}],"author":[{"embeddable":true,"href":"https:\/\/uniceq.edu.mx\/en\/wp-json\/wp\/v2\/users\/1"}],"replies":[{"embeddable":true,"href":"https:\/\/uniceq.edu.mx\/en\/wp-json\/wp\/v2\/comments?post=563"}],"version-history":[{"count":22,"href":"https:\/\/uniceq.edu.mx\/en\/wp-json\/wp\/v2\/pages\/563\/revisions"}],"predecessor-version":[{"id":1483,"href":"https:\/\/uniceq.edu.mx\/en\/wp-json\/wp\/v2\/pages\/563\/revisions\/1483"}],"up":[{"embeddable":true,"href":"https:\/\/uniceq.edu.mx\/en\/wp-json\/wp\/v2\/pages\/453"}],"wp:attachment":[{"href":"https:\/\/uniceq.edu.mx\/en\/wp-json\/wp\/v2\/media?parent=563"}],"curies":[{"name":"wp","href":"https:\/\/api.w.org\/{rel}","templated":true}]}}