{"id":640,"date":"2024-03-15T10:11:53","date_gmt":"2024-03-15T16:11:53","guid":{"rendered":"https:\/\/uniceq.edu.mx\/?page_id=640"},"modified":"2025-07-10T16:12:06","modified_gmt":"2025-07-10T22:12:06","slug":"especialidad-en-estrategias-financieras-y-fiscales-para-pymes","status":"publish","type":"page","link":"https:\/\/uniceq.edu.mx\/en\/especialidades-uniceq\/especialidad-en-estrategias-financieras-y-fiscales-para-pymes\/","title":{"rendered":"Especialidad en Estrategias Financieras y Fiscales para Pymes"},"content":{"rendered":"<p>[et_pb_section fb_built=&#8221;1&#8243; _builder_version=&#8221;4.24.0&#8243; _module_preset=&#8221;default&#8221; background_color=&#8221;#c4082e&#8221; background_image=&#8221;https:\/\/uniceq.edu.mx\/wp-content\/uploads\/2024\/03\/Venado-UNICEQ-Blanco-transparencia.png&#8221; global_colors_info=&#8221;{}&#8221;][et_pb_row column_structure=&#8221;2_3,1_3&#8243; _builder_version=&#8221;4.24.0&#8243; _module_preset=&#8221;default&#8221; global_colors_info=&#8221;{}&#8221;][et_pb_column type=&#8221;2_3&#8243; _builder_version=&#8221;4.24.0&#8243; _module_preset=&#8221;default&#8221; global_colors_info=&#8221;{}&#8221;][et_pb_text _builder_version=&#8221;4.24.0&#8243; _module_preset=&#8221;default&#8221; header_font=&#8221;heaters|100|on||||||&#8221; header_text_color=&#8221;#FFFFFF&#8221; header_font_size=&#8221;75px&#8221; header_2_font=&#8221;Oswald||on||||||&#8221; header_2_text_color=&#8221;#FFFFFF&#8221; header_2_font_size=&#8221;35px&#8221; header_text_shadow_style=&#8221;preset2&#8243; header_2_text_shadow_style=&#8221;preset2&#8243; global_colors_info=&#8221;{}&#8221;]<\/p>\n<h2>SPECIALIZATION IN<\/h2>\n<h1>FINANCIAL AND TAX STRATEGIES FOR SMEs<\/h1>\n<p>[\/et_pb_text][\/et_pb_column][et_pb_column type=&#8221;1_3&#8243; _builder_version=&#8221;4.24.0&#8243; _module_preset=&#8221;default&#8221; background_enable_color=&#8221;off&#8221; border_radii=&#8221;on|26px|26px|26px|26px&#8221; global_colors_info=&#8221;{}&#8221;][et_pb_image src=&#8221;https:\/\/uniceq.edu.mx\/wp-content\/uploads\/2025\/07\/F_ADMINISTRACIONYNEGOCIOS.png&#8221; align=&#8221;center&#8221; _builder_version=&#8221;4.24.0&#8243; _module_preset=&#8221;default&#8221; width=&#8221;50%&#8221; hover_enabled=&#8221;0&#8243; global_colors_info=&#8221;{}&#8221; title_text=&#8221;F_ADMINISTRACIONYNEGOCIOS&#8221; sticky_enabled=&#8221;0&#8243;][\/et_pb_image][\/et_pb_column][\/et_pb_row][\/et_pb_section][et_pb_section fb_built=&#8221;1&#8243; _builder_version=&#8221;4.24.0&#8243; _module_preset=&#8221;default&#8221; global_colors_info=&#8221;{}&#8221;][et_pb_row column_structure=&#8221;3_5,2_5&#8243; use_custom_gutter=&#8221;on&#8221; gutter_width=&#8221;2&#8243; _builder_version=&#8221;4.24.0&#8243; _module_preset=&#8221;default&#8221; global_colors_info=&#8221;{}&#8221;][et_pb_column type=&#8221;3_5&#8243; _builder_version=&#8221;4.24.0&#8243; _module_preset=&#8221;default&#8221; global_colors_info=&#8221;{}&#8221;][et_pb_text _builder_version=&#8221;4.24.0&#8243; _module_preset=&#8221;default&#8221; header_2_font=&#8221;Oswald||||||||&#8221; header_2_text_color=&#8221;#8e101c&#8221; global_colors_info=&#8221;{}&#8221;]<\/p>\n<h2>What will I learn in this Specialization?<\/h2>\n<p>[\/et_pb_text][et_pb_text _builder_version=&#8221;4.24.0&#8243; _module_preset=&#8221;default&#8221; text_font=&#8221;Montserrat||||||||&#8221; text_font_size=&#8221;15px&#8221; global_colors_info=&#8221;{}&#8221;]<\/p>\n<p style=\"text-align: justify;\">The <strong>Specialist in Financial and Tax Strategies for SMEs UNICEQ <\/strong>is capable of designing efficient tactics and processes for the <strong>creation and development of new businesses<\/strong>; as well as the continuity of small and medium-sized enterprises, based on research methodologies and the identification of the needs of modern organizations.<\/p>\n<p>[\/et_pb_text][et_pb_text _builder_version=&#8221;4.24.0&#8243; _module_preset=&#8221;default&#8221; header_2_font=&#8221;Oswald||||||||&#8221; header_2_text_color=&#8221;#8e101c&#8221; custom_margin=&#8221;43px|||||&#8221; global_colors_info=&#8221;{}&#8221;]<\/p>\n<h2>Graduate Profile<\/h2>\n<p>[\/et_pb_text][et_pb_text _builder_version=&#8221;4.24.0&#8243; _module_preset=&#8221;default&#8221; text_font=&#8221;Montserrat||||||||&#8221; text_font_size=&#8221;15px&#8221; global_colors_info=&#8221;{}&#8221;]<\/p>\n<p style=\"text-align: justify;\">As a graduate of this Specialization, you will be able to understand and develop the methodology, as well as the theoretical and practical elements necessary to identify, structure, evaluate, and <strong>develop an investment project for the creation of businesses<\/strong>. You will have a comprehensive understanding of the tax regimes and the importance of <strong>analysis and interpretation of financial statements<\/strong>. You will be able to identify and apply various financial tools and make decisions that serve as the basis for <strong>the proper functioning of any SME.<\/strong>\u00a0<\/p>\n<p style=\"text-align: justify;\"><strong>\u00a0<\/strong><\/p>\n<p style=\"text-align: justify;\"><strong>You will be able to work in various contexts such as:<\/strong><\/p>\n<ul>\n<li style=\"text-align: justify;\">Public and Private Companies.<\/li>\n<li style=\"text-align: justify;\">Independent Consultant.<\/li>\n<\/ul>\n<p>[\/et_pb_text][et_pb_text _builder_version=&#8221;4.24.0&#8243; _module_preset=&#8221;default&#8221; header_2_font=&#8221;Oswald||||||||&#8221; header_2_text_color=&#8221;#8e101c&#8221; custom_margin=&#8221;43px|||||&#8221; global_colors_info=&#8221;{}&#8221;]<\/p>\n<h2>Official Validity Registration<\/h2>\n<p>[\/et_pb_text][et_pb_text _builder_version=&#8221;4.24.0&#8243; _module_preset=&#8221;default&#8221; text_font=&#8221;Montserrat||||||||&#8221; text_font_size=&#8221;15px&#8221; global_colors_info=&#8221;{}&#8221;]<\/p>\n<p>UNICEQ affiliated with the Ministry of Public Education<\/p>\n<p>R.V.O.E. Agreement No. 20230452 dated 02\/17\/2023 issued by the Federal Ministry of Public Education (S.E.P.)<\/p>\n<p>On-Campus Mode<\/p>\n<p>[\/et_pb_text][\/et_pb_column][et_pb_column type=&#8221;2_5&#8243; _builder_version=&#8221;4.24.0&#8243; _module_preset=&#8221;default&#8221; global_colors_info=&#8221;{}&#8221;][et_pb_image src=&#8221;https:\/\/uniceq.edu.mx\/wp-content\/uploads\/2025\/07\/EspecialidadCuadrado_3.png&#8221; title_text=&#8221;EspecialidadCuadrado_3&#8243; align=&#8221;center&#8221; _builder_version=&#8221;4.24.0&#8243; _module_preset=&#8221;default&#8221; hover_enabled=&#8221;0&#8243; global_colors_info=&#8221;{}&#8221; sticky_enabled=&#8221;0&#8243;][\/et_pb_image][\/et_pb_column][\/et_pb_row][\/et_pb_section][et_pb_section fb_built=&#8221;1&#8243; specialty=&#8221;on&#8221; _builder_version=&#8221;4.24.0&#8243; _module_preset=&#8221;default&#8221; background_color=&#8221;#9d1b2b&#8221; background_image=&#8221;https:\/\/uniceq.edu.mx\/wp-content\/uploads\/2024\/03\/Venado-UNICEQ-Blanco-transparencia.png&#8221; custom_padding=&#8221;6px||7px|||&#8221; top_divider_height=&#8221;69px&#8221; global_colors_info=&#8221;{}&#8221;][et_pb_column type=&#8221;1_2&#8243; _builder_version=&#8221;4.16&#8243; custom_padding=&#8221;|||&#8221; global_colors_info=&#8221;{}&#8221; custom_padding__hover=&#8221;|||&#8221;][et_pb_text _builder_version=&#8221;4.24.0&#8243; _module_preset=&#8221;default&#8221; header_2_font=&#8221;Oswald||||||||&#8221; header_2_text_color=&#8221;#ffffff&#8221; header_2_font_size=&#8221;50px&#8221; global_colors_info=&#8221;{}&#8221;]<\/p>\n<h2>Curriculum<\/h2>\n<p>[\/et_pb_text][\/et_pb_column][et_pb_column type=&#8221;1_2&#8243; specialty_columns=&#8221;2&#8243; _builder_version=&#8221;4.16&#8243; custom_padding=&#8221;|||&#8221; global_colors_info=&#8221;{}&#8221; custom_padding__hover=&#8221;|||&#8221;][et_pb_row_inner _builder_version=&#8221;4.24.0&#8243; _module_preset=&#8221;default&#8221; global_colors_info=&#8221;{}&#8221;][et_pb_column_inner saved_specialty_column_type=&#8221;1_2&#8243; _builder_version=&#8221;4.24.0&#8243; _module_preset=&#8221;default&#8221; global_colors_info=&#8221;{}&#8221;][et_pb_button button_url=&#8221;https:\/\/api.whatsapp.com\/send?phone=524427062424&#8243; url_new_window=&#8221;on&#8221; button_text=&#8221;\u00a1Solicita el plan de estudios hoy mismo!&#8221; _builder_version=&#8221;4.24.0&#8243; _module_preset=&#8221;default&#8221; custom_button=&#8221;on&#8221; button_text_color=&#8221;#FFFFFF&#8221; button_icon=&#8221;&#xf232;||fa||400&#8243; button_icon_placement=&#8221;left&#8221; button_on_hover=&#8221;off&#8221; custom_margin=&#8221;0px||||false|false&#8221; global_colors_info=&#8221;{}&#8221;][\/et_pb_button][\/et_pb_column_inner][\/et_pb_row_inner][\/et_pb_column][\/et_pb_section][et_pb_section fb_built=&#8221;1&#8243; _builder_version=&#8221;4.24.0&#8243; _module_preset=&#8221;default&#8221; background_color=&#8221;#717175&#8243; background_image=&#8221;https:\/\/uniceq.edu.mx\/wp-content\/uploads\/2024\/03\/Venado-UNICEQ-Blanco-transparencia.png&#8221; global_colors_info=&#8221;{}&#8221;][et_pb_row column_structure=&#8221;1_2,1_2&#8243; _builder_version=&#8221;4.24.0&#8243; _module_preset=&#8221;default&#8221; global_colors_info=&#8221;{}&#8221;][et_pb_column type=&#8221;1_2&#8243; _builder_version=&#8221;4.24.0&#8243; _module_preset=&#8221;default&#8221; background_color=&#8221;#FFFFFF&#8221; border_radii=&#8221;on|30px|30px|30px|30px&#8221; global_colors_info=&#8221;{}&#8221;][et_pb_text _builder_version=&#8221;4.24.0&#8243; _module_preset=&#8221;default&#8221; header_2_font=&#8221;heaters|100|||||||&#8221; header_2_text_align=&#8221;center&#8221; header_2_font_size=&#8221;85px&#8221; custom_margin=&#8221;||-6px|||&#8221; custom_padding=&#8221;23px|||||&#8221; global_colors_info=&#8221;{}&#8221;]<\/p>\n<h2>Request Information<\/h2>\n<p>[\/et_pb_text][et_pb_text _builder_version=&#8221;4.24.0&#8243; _module_preset=&#8221;default&#8221; global_colors_info=&#8221;{}&#8221;]<\/p>\n<div id=\"formulario\" class=\"wow animate__animated animate__fadeIn\" style=\"text-align: center;\"><iframe loading=\"lazy\" src=\"https:\/\/uniceq.academic.lat\/FormExternos\/RecolectorCaptacion.aspx\" width=\"380\" height=\"750\" frameborder=\"0\" allowfullscreen=\"allowfullscreen\" data-rocket-lazyload=\"fitvidscompatible\" data-lazy-src=\"https:\/\/uniceq.academic.lat\/FormExternos\/RecolectorCaptacion.aspx\" class=\"lazyloaded\" data-was-processed=\"true\" scrolling=\"no\"><\/iframe><\/div>\n<p>[\/et_pb_text][\/et_pb_column][et_pb_column type=&#8221;1_2&#8243; _builder_version=&#8221;4.24.0&#8243; _module_preset=&#8221;default&#8221; global_colors_info=&#8221;{}&#8221;][et_pb_image src=&#8221;https:\/\/uniceq.edu.mx\/wp-content\/uploads\/2024\/03\/Nuevo-Venado-UNICEQ-2023-Negro.png&#8221; title_text=&#8221;Nuevo Venado UNICEQ 2023 (Negro)&#8221; _builder_version=&#8221;4.24.0&#8243; _module_preset=&#8221;default&#8221; locked=&#8221;off&#8221; global_colors_info=&#8221;{}&#8221;][\/et_pb_image][\/et_pb_column][\/et_pb_row][\/et_pb_section]<\/p>","protected":false},"excerpt":{"rendered":"<p>ESPECIALIDAD EN ESTRATEGIAS FINANCIERAS Y FISCALES PARA PYMES\u00bfQu\u00e9 voy a aprender en esta Especialidad?El Especialista en Estrategias Financieras y Fiscales para Pymes UNICEQ es capaz de dise\u00f1ar t\u00e1cticas y procesos eficientes para la creaci\u00f3n y desarrollo de nuevos negocios; as\u00ed como la permanencia de peque\u00f1as y medianas empresas, con base en metodolog\u00edas de investigaci\u00f3n y [&hellip;]<\/p>","protected":false},"author":1,"featured_media":0,"parent":443,"menu_order":0,"comment_status":"closed","ping_status":"closed","template":"","meta":{"_et_pb_use_builder":"on","_et_pb_old_content":"","_et_gb_content_width":"","_joinchat":[],"footnotes":""},"class_list":["post-640","page","type-page","status-publish","hentry"],"_links":{"self":[{"href":"https:\/\/uniceq.edu.mx\/en\/wp-json\/wp\/v2\/pages\/640","targetHints":{"allow":["GET"]}}],"collection":[{"href":"https:\/\/uniceq.edu.mx\/en\/wp-json\/wp\/v2\/pages"}],"about":[{"href":"https:\/\/uniceq.edu.mx\/en\/wp-json\/wp\/v2\/types\/page"}],"author":[{"embeddable":true,"href":"https:\/\/uniceq.edu.mx\/en\/wp-json\/wp\/v2\/users\/1"}],"replies":[{"embeddable":true,"href":"https:\/\/uniceq.edu.mx\/en\/wp-json\/wp\/v2\/comments?post=640"}],"version-history":[{"count":14,"href":"https:\/\/uniceq.edu.mx\/en\/wp-json\/wp\/v2\/pages\/640\/revisions"}],"predecessor-version":[{"id":1471,"href":"https:\/\/uniceq.edu.mx\/en\/wp-json\/wp\/v2\/pages\/640\/revisions\/1471"}],"up":[{"embeddable":true,"href":"https:\/\/uniceq.edu.mx\/en\/wp-json\/wp\/v2\/pages\/443"}],"wp:attachment":[{"href":"https:\/\/uniceq.edu.mx\/en\/wp-json\/wp\/v2\/media?parent=640"}],"curies":[{"name":"wp","href":"https:\/\/api.w.org\/{rel}","templated":true}]}}